{"id":12408,"date":"2023-02-15T12:55:09","date_gmt":"2023-02-15T11:55:09","guid":{"rendered":"http:\/\/michelmejuto.es\/aviso-legal\/"},"modified":"2023-06-21T10:12:02","modified_gmt":"2023-06-21T08:12:02","slug":"legal-note","status":"publish","type":"page","link":"https:\/\/michelmejuto.com\/en\/legal-note\/","title":{"rendered":"Legal note"},"content":{"rendered":"<p><strong>1.- TITULARIDAD DEL SITIO WEB<\/strong><\/p>\n<p><strong>Michel Mejuto<\/strong> (en adelante el Titular), DNI 12345678A, sito en Juan de Ajuriaguerra, 18, 48009 Bilbao.<\/p>\n<p>El Titular pone a disposici\u00f3n de las personas usuarias el presente texto para cumplir con las obligaciones establecidas en la Ley 34\/2002, de 11 julio, de Servicios de la Sociedad de la Informaci\u00f3n y del Comercio Electr\u00f3nico as\u00ed como informar a las personas usuarias de este sitio web respecto a cu\u00e1les son las condiciones de uso del mismo.<\/p>\n<p>Toda persona que acceda a este sitio web asume la condici\u00f3n de usuario\/a y se compromete a la observancia y cumplimiento de las disposiciones expuestas y legalmente aplicables.<\/p>\n<p>El Titular se reserva el derecho a modificar cualquier tipo de informaci\u00f3n que pudiera aparecer en el sitio web, sin que exista obligaci\u00f3n de aviso previo o poner en conocimiento de los usuarios dichas obligaciones, entendi\u00e9ndose como suficiente con la publicaci\u00f3n en el sitio web.<\/p>\n<p><strong>2.- CONDICIONES GENERALES<\/strong><\/p>\n<p>El acceso a esta p\u00e1gina web implica la aceptaci\u00f3n de las condiciones legales y los t\u00e9rminos de uso en ella establecidos. Su acceso no implicar\u00e1, en ning\u00fan caso, el establecimiento de una relaci\u00f3n comercial entre la empresa titular del sitio web y el usuario o usuaria que en todo caso accede de forma voluntaria a esta p\u00e1gina.<\/p>\n<p><strong>3.- CONTENIDOS<\/strong><\/p>\n<p>El Titular se reserva el derecho a modificar el contenido de la p\u00e1gina web de la que es titular en cualquier momento. El Titular no se responsabiliza de las consecuencias derivadas de los errores que pudiesen aparecer en los contenidos publicados en este sitio web. Queda prohibida la inclusi\u00f3n y comunicaci\u00f3n de contenidos falsos o inexactos por parte de los usuarios\/as y que puedan inducir a error al resto de usuarios o al personal de la empresa.<\/p>\n<p><strong>4.- PROPIEDAD INTELECTUAL E INDUSTRIAL<\/strong><\/p>\n<p>Este sitio web y los contenidos que alberga se encuentran protegidos por la legislaci\u00f3n vigente en materia de propiedad intelectual. Se proh\u00edbe la modificaci\u00f3n, copia, reproducci\u00f3n, descarga, transmisi\u00f3n, distribuci\u00f3n o transformaci\u00f3n de los contenidos de esta p\u00e1gina web sin la autorizaci\u00f3n del titular de los derechos. El acceso a esta p\u00e1gina web no presupone la adquisici\u00f3n por parte de los usuarios de derechos de propiedad y\/o uso de los contenidos que en \u00e9sta figuren. Las referencias a marcas comerciales o signos distintivos propiedad del Titular llevan impl\u00edcitas la prohibici\u00f3n de uso por persona o entidad distinta a su titular sin el consentimiento expreso del Titular.<\/p>\n<p><strong>5.- PROTECCI\u00d3N DE DATOS Y POL\u00cdTICA DE PRIVACIDAD<\/strong><\/p>\n<p>En virtud del Reglamento (UE) 2016\/679 del Parlamento Europeo y del Consejo, de 27 de abril de 2016, relativo a la protecci\u00f3n de las personas f\u00edsicas en lo que respecta al tratamiento de datos personales y a la libre circulaci\u00f3n de estos datos y por el que se deroga la Directiva 95\/46\/CE (en adelante, Reglamento General de Protecci\u00f3n de Datos) y resto de normativa vigente, el titular de este sitio web, El Titular informa al usuario\/a de la existencia de una base de datos de car\u00e1cter personal de su titularidad.<\/p>\n<p>Para m\u00e1s informaci\u00f3n sobre c\u00f3mo tratamos sus datos, acceda a nuestra Pol\u00edtica de privacidad.<\/p>\n<p><strong>6.- L\u00cdMITES A LA RESPONSABILIDAD<\/strong><\/p>\n<p>El Titular de este sitio web no puede garantizar la inexistencia de virus u otros elementos peligrosos que pudiesen causar da\u00f1os en los soportes inform\u00e1ticos de los usuarios y usuarias, no responsabiliz\u00e1ndose de los perjuicios que se pudiesen causar. Asimismo, tampoco se hace responsable del mal uso que los usuarios puedan hacer de este sitio web.<\/p>\n<p><strong>7.- LEGISLACI\u00d3N APLICABLE Y JURISDICCI\u00d3N COMPETENTE<\/strong><\/p>\n<p>Los t\u00e9rminos y condiciones expuestas en esta p\u00e1gina web y las relaciones que de su uso pudieran derivarse est\u00e1n sujetas a la legislaci\u00f3n espa\u00f1ola vigente. La resoluci\u00f3n de cualquier controversia, litigio o discrepancia que pudiera surgir entre el usuario\/a y El Titular quedar\u00e1 sometida a la competencia territorial de los juzgados y tribunales de Bizkaia (Pa\u00eds Vasco).<\/p>\n","protected":false},"excerpt":{"rendered":"<p>1.- TITULARIDAD DEL SITIO WEB Michel Mejuto (en adelante el Titular), DNI 12345678A, sito en Juan de Ajuriaguerra, 18, 48009 Bilbao. El Titular pone a disposici\u00f3n de las personas usuarias el presente texto para cumplir con las obligaciones establecidas en la Ley 34\/2002, de 11&#8230;<\/p>\n","protected":false},"author":1,"featured_media":0,"parent":0,"menu_order":0,"comment_status":"closed","ping_status":"closed","template":"","meta":{"_acf_changed":false,"footnotes":""},"class_list":["post-12408","page","type-page","status-publish","hentry"],"acf":[],"yoast_head":"<!-- This site is optimized with the Yoast SEO plugin v25.6 - https:\/\/yoast.com\/wordpress\/plugins\/seo\/ -->\n<title>Legal note - Galer\u00eda Michel Mejuto<\/title>\n<meta name=\"robots\" content=\"index, follow, max-snippet:-1, max-image-preview:large, max-video-preview:-1\" \/>\n<link rel=\"canonical\" href=\"https:\/\/michelmejuto.com\/en\/legal-note\/\" \/>\n<meta property=\"og:locale\" content=\"en_US\" \/>\n<meta property=\"og:type\" content=\"article\" \/>\n<meta property=\"og:title\" content=\"Legal note - Galer\u00eda Michel Mejuto\" \/>\n<meta property=\"og:description\" content=\"1.- TITULARIDAD DEL SITIO WEB Michel Mejuto (en adelante el Titular), DNI 12345678A, sito en Juan de Ajuriaguerra, 18, 48009 Bilbao. El Titular pone a disposici\u00f3n de las personas usuarias el presente texto para cumplir con las obligaciones establecidas en la Ley 34\/2002, de 11...\" \/>\n<meta property=\"og:url\" content=\"https:\/\/michelmejuto.com\/en\/legal-note\/\" \/>\n<meta property=\"og:site_name\" content=\"Galer\u00eda Michel Mejuto\" \/>\n<meta property=\"article:modified_time\" content=\"2023-06-21T08:12:02+00:00\" \/>\n<meta property=\"og:image\" content=\"https:\/\/michelmejuto.com\/web\/wp-content\/uploads\/2021\/12\/galeria.jpg\" \/>\n\t<meta property=\"og:image:width\" content=\"1920\" \/>\n\t<meta property=\"og:image:height\" content=\"1200\" \/>\n\t<meta property=\"og:image:type\" content=\"image\/jpeg\" \/>\n<meta name=\"twitter:card\" content=\"summary_large_image\" \/>\n<script type=\"application\/ld+json\" class=\"yoast-schema-graph\">{\"@context\":\"https:\/\/schema.org\",\"@graph\":[{\"@type\":\"WebPage\",\"@id\":\"https:\/\/michelmejuto.com\/en\/legal-note\/\",\"url\":\"https:\/\/michelmejuto.com\/en\/legal-note\/\",\"name\":\"Legal note - Galer\u00eda Michel Mejuto\",\"isPartOf\":{\"@id\":\"https:\/\/michelmejuto.com\/#website\"},\"datePublished\":\"2023-02-15T11:55:09+00:00\",\"dateModified\":\"2023-06-21T08:12:02+00:00\",\"breadcrumb\":{\"@id\":\"https:\/\/michelmejuto.com\/en\/legal-note\/#breadcrumb\"},\"inLanguage\":\"en-US\",\"potentialAction\":[{\"@type\":\"ReadAction\",\"target\":[\"https:\/\/michelmejuto.com\/en\/legal-note\/\"]}]},{\"@type\":\"BreadcrumbList\",\"@id\":\"https:\/\/michelmejuto.com\/en\/legal-note\/#breadcrumb\",\"itemListElement\":[{\"@type\":\"ListItem\",\"position\":1,\"name\":\"Portada\",\"item\":\"https:\/\/michelmejuto.com\/en\/\"},{\"@type\":\"ListItem\",\"position\":2,\"name\":\"Legal note\"}]},{\"@type\":\"WebSite\",\"@id\":\"https:\/\/michelmejuto.com\/#website\",\"url\":\"https:\/\/michelmejuto.com\/\",\"name\":\"Galer\u00eda Michel Mejuto\",\"description\":\"Galer\u00eda de Arte y Tasaciones\",\"publisher\":{\"@id\":\"https:\/\/michelmejuto.com\/#organization\"},\"potentialAction\":[{\"@type\":\"SearchAction\",\"target\":{\"@type\":\"EntryPoint\",\"urlTemplate\":\"https:\/\/michelmejuto.com\/?s={search_term_string}\"},\"query-input\":{\"@type\":\"PropertyValueSpecification\",\"valueRequired\":true,\"valueName\":\"search_term_string\"}}],\"inLanguage\":\"en-US\"},{\"@type\":\"Organization\",\"@id\":\"https:\/\/michelmejuto.com\/#organization\",\"name\":\"Galer\u00eda Michel Mejuto\",\"url\":\"https:\/\/michelmejuto.com\/\",\"logo\":{\"@type\":\"ImageObject\",\"inLanguage\":\"en-US\",\"@id\":\"https:\/\/michelmejuto.com\/#\/schema\/logo\/image\/\",\"url\":\"https:\/\/michelmejuto.com\/web\/wp-content\/uploads\/2021\/11\/michel-mejuto-logo-galeria.png\",\"contentUrl\":\"https:\/\/michelmejuto.com\/web\/wp-content\/uploads\/2021\/11\/michel-mejuto-logo-galeria.png\",\"width\":800,\"height\":135,\"caption\":\"Galer\u00eda Michel Mejuto\"},\"image\":{\"@id\":\"https:\/\/michelmejuto.com\/#\/schema\/logo\/image\/\"}}]}<\/script>\n<!-- \/ Yoast SEO plugin. -->","yoast_head_json":{"title":"Legal note - Galer\u00eda Michel Mejuto","robots":{"index":"index","follow":"follow","max-snippet":"max-snippet:-1","max-image-preview":"max-image-preview:large","max-video-preview":"max-video-preview:-1"},"canonical":"https:\/\/michelmejuto.com\/en\/legal-note\/","og_locale":"en_US","og_type":"article","og_title":"Legal note - Galer\u00eda Michel Mejuto","og_description":"1.- TITULARIDAD DEL SITIO WEB Michel Mejuto (en adelante el Titular), DNI 12345678A, sito en Juan de Ajuriaguerra, 18, 48009 Bilbao. El Titular pone a disposici\u00f3n de las personas usuarias el presente texto para cumplir con las obligaciones establecidas en la Ley 34\/2002, de 11...","og_url":"https:\/\/michelmejuto.com\/en\/legal-note\/","og_site_name":"Galer\u00eda Michel Mejuto","article_modified_time":"2023-06-21T08:12:02+00:00","og_image":[{"width":1920,"height":1200,"url":"https:\/\/michelmejuto.com\/web\/wp-content\/uploads\/2021\/12\/galeria.jpg","type":"image\/jpeg"}],"twitter_card":"summary_large_image","schema":{"@context":"https:\/\/schema.org","@graph":[{"@type":"WebPage","@id":"https:\/\/michelmejuto.com\/en\/legal-note\/","url":"https:\/\/michelmejuto.com\/en\/legal-note\/","name":"Legal note - Galer\u00eda Michel Mejuto","isPartOf":{"@id":"https:\/\/michelmejuto.com\/#website"},"datePublished":"2023-02-15T11:55:09+00:00","dateModified":"2023-06-21T08:12:02+00:00","breadcrumb":{"@id":"https:\/\/michelmejuto.com\/en\/legal-note\/#breadcrumb"},"inLanguage":"en-US","potentialAction":[{"@type":"ReadAction","target":["https:\/\/michelmejuto.com\/en\/legal-note\/"]}]},{"@type":"BreadcrumbList","@id":"https:\/\/michelmejuto.com\/en\/legal-note\/#breadcrumb","itemListElement":[{"@type":"ListItem","position":1,"name":"Portada","item":"https:\/\/michelmejuto.com\/en\/"},{"@type":"ListItem","position":2,"name":"Legal note"}]},{"@type":"WebSite","@id":"https:\/\/michelmejuto.com\/#website","url":"https:\/\/michelmejuto.com\/","name":"Galer\u00eda Michel Mejuto","description":"Galer\u00eda de Arte y Tasaciones","publisher":{"@id":"https:\/\/michelmejuto.com\/#organization"},"potentialAction":[{"@type":"SearchAction","target":{"@type":"EntryPoint","urlTemplate":"https:\/\/michelmejuto.com\/?s={search_term_string}"},"query-input":{"@type":"PropertyValueSpecification","valueRequired":true,"valueName":"search_term_string"}}],"inLanguage":"en-US"},{"@type":"Organization","@id":"https:\/\/michelmejuto.com\/#organization","name":"Galer\u00eda Michel Mejuto","url":"https:\/\/michelmejuto.com\/","logo":{"@type":"ImageObject","inLanguage":"en-US","@id":"https:\/\/michelmejuto.com\/#\/schema\/logo\/image\/","url":"https:\/\/michelmejuto.com\/web\/wp-content\/uploads\/2021\/11\/michel-mejuto-logo-galeria.png","contentUrl":"https:\/\/michelmejuto.com\/web\/wp-content\/uploads\/2021\/11\/michel-mejuto-logo-galeria.png","width":800,"height":135,"caption":"Galer\u00eda Michel Mejuto"},"image":{"@id":"https:\/\/michelmejuto.com\/#\/schema\/logo\/image\/"}}]}},"_links":{"self":[{"href":"https:\/\/michelmejuto.com\/en\/wp-json\/wp\/v2\/pages\/12408"}],"collection":[{"href":"https:\/\/michelmejuto.com\/en\/wp-json\/wp\/v2\/pages"}],"about":[{"href":"https:\/\/michelmejuto.com\/en\/wp-json\/wp\/v2\/types\/page"}],"author":[{"embeddable":true,"href":"https:\/\/michelmejuto.com\/en\/wp-json\/wp\/v2\/users\/1"}],"replies":[{"embeddable":true,"href":"https:\/\/michelmejuto.com\/en\/wp-json\/wp\/v2\/comments?post=12408"}],"version-history":[{"count":1,"href":"https:\/\/michelmejuto.com\/en\/wp-json\/wp\/v2\/pages\/12408\/revisions"}],"predecessor-version":[{"id":12986,"href":"https:\/\/michelmejuto.com\/en\/wp-json\/wp\/v2\/pages\/12408\/revisions\/12986"}],"wp:attachment":[{"href":"https:\/\/michelmejuto.com\/en\/wp-json\/wp\/v2\/media?parent=12408"}],"curies":[{"name":"wp","href":"https:\/\/api.w.org\/{rel}","templated":true}]}}