{"id":12409,"date":"2019-06-18T16:23:03","date_gmt":"2019-06-18T14:23:03","guid":{"rendered":"http:\/\/michelmejuto.es\/politica-de-privacidad\/"},"modified":"2023-06-21T10:47:24","modified_gmt":"2023-06-21T08:47:24","slug":"politica-de-privacidad","status":"publish","type":"page","link":"https:\/\/michelmejuto.com\/en\/politica-de-privacidad\/","title":{"rendered":"Pol\u00edtica de privacidad"},"content":{"rendered":"<p>Michel Mejuto (en lo siguiente EL TITULAR) informa a los usuarios del sitio web sobre su pol\u00edtica respecto del tratamiento y protecci\u00f3n de los datos de car\u00e1cter personal de los usuarios que puedan ser recabados por la navegaci\u00f3n o solicitud de cominucaciones a trav\u00e9s de su sitio web. En este sentido, EL TITULAR garantiza el cumplimiento de la normativa vigente en materia de protecci\u00f3n de datos personales, reflejada en la Ley 34\/2002 de 11 de julio, de Servicios de la Sociedad de la Informaci\u00f3n y de Comercio Electr\u00f3nico (LSSI-CE), y de acuerdo con la exigencia del art\u00edculo 10 de la citada Ley, informamos de lo siguiente:<\/p>\n<p><strong>1. Recogida, finalidad y tratamientos de datos<\/strong><\/p>\n<p class=\"CuerpoA\">De conformidad con lo establecido en la normativa vigente en Protecci\u00f3n de Datos de Car\u00e1cter Personal, le informamos que los datos que nos proporcione ser\u00e1n incorporados al sistema de tratamiento titularidad de EL TITULAR, con la finalidad de atender sus consultas, facilitar nuestros servicios y cumplir los compromisos establecidos entre ambas partes. A su vez informamos a los usuarios de que la finalidad del tratamiento de los datos recabados contempla: la atenci\u00f3n de solicitudes realizadas por los usuarios y la inclusi\u00f3n en la agenda de contactos para la recepci\u00f3n de <em>newsletters<\/em>, y en su caso, respuestas a informaci\u00f3n solicitada a trav\u00e9s de p\u00e1gina web, redes sociales, correo electr\u00f3nico o llamada telef\u00f3nica.<\/p>\n<p><strong>2. Comunicaci\u00f3n de informaci\u00f3n a terceros<\/strong><\/p>\n<p>EL TITULAR informa a los usuarios de que sus datos personales no ser\u00e1n cedidos a terceros, con la salvedad de que dicha cesi\u00f3n de datos este amparada en una obligaci\u00f3n legal o cuando la prestaci\u00f3n de un servicio implique la necesidad de una relaci\u00f3n contractual con un encargado del tratamiento. En este \u00faltimo caso, solo se llevar\u00e1 a cabo la cesi\u00f3n de datos al tercero cuando EL TITULAR disponga del consentimiento expreso del usuario.<\/p>\n<p><strong>3. Derechos de los usuarios<\/strong><\/p>\n<p>La Ley 34\/2002 concede a los interesados la posibilidad de ejercer una serie de derechos relacionados con el tratamiento de sus datos personales. En tanto en cuanto los datos del usuario son objeto de tratamiento por parte de EL TITULAR. Los usuarios podr\u00e1n ejercer los derechos de acceso, rectificaci\u00f3n, cancelaci\u00f3n y oposici\u00f3n de acuerdo con lo previsto en la normativa legal vigente en materia de protecci\u00f3n de datos personales. Le informamos que podr\u00e1 revocar en cualquier momento el consentimiento prestado a la recepci\u00f3n de comunicaciones comerciales enviando un e-mail a la direcci\u00f3n de correo electr\u00f3nico <a href=\"mailto:galeria@michelmejuto.com\">galeria@michelmejuto.com<\/a>.<\/p>\n<p><strong>El env\u00edo de sus datos implica la aceptaci\u00f3n de estas cl\u00e1usulas<\/strong>.<\/p>\n","protected":false},"excerpt":{"rendered":"<p>Michel Mejuto (en lo siguiente EL TITULAR) informa a los usuarios del sitio web sobre su pol\u00edtica respecto del tratamiento y protecci\u00f3n de los datos de car\u00e1cter personal de los usuarios que puedan ser recabados por la navegaci\u00f3n o solicitud de cominucaciones a trav\u00e9s de&#8230;<\/p>\n","protected":false},"author":1,"featured_media":0,"parent":0,"menu_order":0,"comment_status":"closed","ping_status":"open","template":"","meta":{"_acf_changed":false,"footnotes":""},"class_list":["post-12409","page","type-page","status-publish","hentry"],"acf":[],"yoast_head":"<!-- This site is optimized with the Yoast SEO plugin v25.6 - https:\/\/yoast.com\/wordpress\/plugins\/seo\/ -->\n<title>Pol\u00edtica de privacidad - Galer\u00eda Michel Mejuto<\/title>\n<meta name=\"robots\" content=\"index, follow, max-snippet:-1, max-image-preview:large, max-video-preview:-1\" \/>\n<link rel=\"canonical\" href=\"https:\/\/michelmejuto.com\/en\/politica-de-privacidad\/\" \/>\n<meta property=\"og:locale\" content=\"en_US\" \/>\n<meta property=\"og:type\" content=\"article\" \/>\n<meta property=\"og:title\" content=\"Pol\u00edtica de privacidad - Galer\u00eda Michel Mejuto\" \/>\n<meta property=\"og:description\" content=\"Michel Mejuto (en lo siguiente EL TITULAR) informa a los usuarios del sitio web sobre su pol\u00edtica respecto del tratamiento y protecci\u00f3n de los datos de car\u00e1cter personal de los usuarios que puedan ser recabados por la navegaci\u00f3n o solicitud de cominucaciones a trav\u00e9s de...\" \/>\n<meta property=\"og:url\" content=\"https:\/\/michelmejuto.com\/en\/politica-de-privacidad\/\" \/>\n<meta property=\"og:site_name\" content=\"Galer\u00eda Michel Mejuto\" \/>\n<meta property=\"article:modified_time\" content=\"2023-06-21T08:47:24+00:00\" \/>\n<meta property=\"og:image\" content=\"https:\/\/michelmejuto.com\/web\/wp-content\/uploads\/2021\/12\/galeria.jpg\" \/>\n\t<meta property=\"og:image:width\" content=\"1920\" \/>\n\t<meta property=\"og:image:height\" content=\"1200\" \/>\n\t<meta property=\"og:image:type\" content=\"image\/jpeg\" \/>\n<meta name=\"twitter:card\" content=\"summary_large_image\" \/>\n<script type=\"application\/ld+json\" class=\"yoast-schema-graph\">{\"@context\":\"https:\/\/schema.org\",\"@graph\":[{\"@type\":\"WebPage\",\"@id\":\"https:\/\/michelmejuto.com\/en\/politica-de-privacidad\/\",\"url\":\"https:\/\/michelmejuto.com\/en\/politica-de-privacidad\/\",\"name\":\"Pol\u00edtica de privacidad - Galer\u00eda Michel Mejuto\",\"isPartOf\":{\"@id\":\"https:\/\/michelmejuto.com\/#website\"},\"datePublished\":\"2019-06-18T14:23:03+00:00\",\"dateModified\":\"2023-06-21T08:47:24+00:00\",\"breadcrumb\":{\"@id\":\"https:\/\/michelmejuto.com\/en\/politica-de-privacidad\/#breadcrumb\"},\"inLanguage\":\"en-US\",\"potentialAction\":[{\"@type\":\"ReadAction\",\"target\":[\"https:\/\/michelmejuto.com\/en\/politica-de-privacidad\/\"]}]},{\"@type\":\"BreadcrumbList\",\"@id\":\"https:\/\/michelmejuto.com\/en\/politica-de-privacidad\/#breadcrumb\",\"itemListElement\":[{\"@type\":\"ListItem\",\"position\":1,\"name\":\"Portada\",\"item\":\"https:\/\/michelmejuto.com\/en\/\"},{\"@type\":\"ListItem\",\"position\":2,\"name\":\"Pol\u00edtica de privacidad\"}]},{\"@type\":\"WebSite\",\"@id\":\"https:\/\/michelmejuto.com\/#website\",\"url\":\"https:\/\/michelmejuto.com\/\",\"name\":\"Galer\u00eda Michel Mejuto\",\"description\":\"Galer\u00eda de Arte y Tasaciones\",\"publisher\":{\"@id\":\"https:\/\/michelmejuto.com\/#organization\"},\"potentialAction\":[{\"@type\":\"SearchAction\",\"target\":{\"@type\":\"EntryPoint\",\"urlTemplate\":\"https:\/\/michelmejuto.com\/?s={search_term_string}\"},\"query-input\":{\"@type\":\"PropertyValueSpecification\",\"valueRequired\":true,\"valueName\":\"search_term_string\"}}],\"inLanguage\":\"en-US\"},{\"@type\":\"Organization\",\"@id\":\"https:\/\/michelmejuto.com\/#organization\",\"name\":\"Galer\u00eda Michel Mejuto\",\"url\":\"https:\/\/michelmejuto.com\/\",\"logo\":{\"@type\":\"ImageObject\",\"inLanguage\":\"en-US\",\"@id\":\"https:\/\/michelmejuto.com\/#\/schema\/logo\/image\/\",\"url\":\"https:\/\/michelmejuto.com\/web\/wp-content\/uploads\/2021\/11\/michel-mejuto-logo-galeria.png\",\"contentUrl\":\"https:\/\/michelmejuto.com\/web\/wp-content\/uploads\/2021\/11\/michel-mejuto-logo-galeria.png\",\"width\":800,\"height\":135,\"caption\":\"Galer\u00eda Michel Mejuto\"},\"image\":{\"@id\":\"https:\/\/michelmejuto.com\/#\/schema\/logo\/image\/\"}}]}<\/script>\n<!-- \/ Yoast SEO plugin. -->","yoast_head_json":{"title":"Pol\u00edtica de privacidad - Galer\u00eda Michel Mejuto","robots":{"index":"index","follow":"follow","max-snippet":"max-snippet:-1","max-image-preview":"max-image-preview:large","max-video-preview":"max-video-preview:-1"},"canonical":"https:\/\/michelmejuto.com\/en\/politica-de-privacidad\/","og_locale":"en_US","og_type":"article","og_title":"Pol\u00edtica de privacidad - Galer\u00eda Michel Mejuto","og_description":"Michel Mejuto (en lo siguiente EL TITULAR) informa a los usuarios del sitio web sobre su pol\u00edtica respecto del tratamiento y protecci\u00f3n de los datos de car\u00e1cter personal de los usuarios que puedan ser recabados por la navegaci\u00f3n o solicitud de cominucaciones a trav\u00e9s de...","og_url":"https:\/\/michelmejuto.com\/en\/politica-de-privacidad\/","og_site_name":"Galer\u00eda Michel Mejuto","article_modified_time":"2023-06-21T08:47:24+00:00","og_image":[{"width":1920,"height":1200,"url":"https:\/\/michelmejuto.com\/web\/wp-content\/uploads\/2021\/12\/galeria.jpg","type":"image\/jpeg"}],"twitter_card":"summary_large_image","schema":{"@context":"https:\/\/schema.org","@graph":[{"@type":"WebPage","@id":"https:\/\/michelmejuto.com\/en\/politica-de-privacidad\/","url":"https:\/\/michelmejuto.com\/en\/politica-de-privacidad\/","name":"Pol\u00edtica de privacidad - Galer\u00eda Michel Mejuto","isPartOf":{"@id":"https:\/\/michelmejuto.com\/#website"},"datePublished":"2019-06-18T14:23:03+00:00","dateModified":"2023-06-21T08:47:24+00:00","breadcrumb":{"@id":"https:\/\/michelmejuto.com\/en\/politica-de-privacidad\/#breadcrumb"},"inLanguage":"en-US","potentialAction":[{"@type":"ReadAction","target":["https:\/\/michelmejuto.com\/en\/politica-de-privacidad\/"]}]},{"@type":"BreadcrumbList","@id":"https:\/\/michelmejuto.com\/en\/politica-de-privacidad\/#breadcrumb","itemListElement":[{"@type":"ListItem","position":1,"name":"Portada","item":"https:\/\/michelmejuto.com\/en\/"},{"@type":"ListItem","position":2,"name":"Pol\u00edtica de privacidad"}]},{"@type":"WebSite","@id":"https:\/\/michelmejuto.com\/#website","url":"https:\/\/michelmejuto.com\/","name":"Galer\u00eda Michel Mejuto","description":"Galer\u00eda de Arte y Tasaciones","publisher":{"@id":"https:\/\/michelmejuto.com\/#organization"},"potentialAction":[{"@type":"SearchAction","target":{"@type":"EntryPoint","urlTemplate":"https:\/\/michelmejuto.com\/?s={search_term_string}"},"query-input":{"@type":"PropertyValueSpecification","valueRequired":true,"valueName":"search_term_string"}}],"inLanguage":"en-US"},{"@type":"Organization","@id":"https:\/\/michelmejuto.com\/#organization","name":"Galer\u00eda Michel Mejuto","url":"https:\/\/michelmejuto.com\/","logo":{"@type":"ImageObject","inLanguage":"en-US","@id":"https:\/\/michelmejuto.com\/#\/schema\/logo\/image\/","url":"https:\/\/michelmejuto.com\/web\/wp-content\/uploads\/2021\/11\/michel-mejuto-logo-galeria.png","contentUrl":"https:\/\/michelmejuto.com\/web\/wp-content\/uploads\/2021\/11\/michel-mejuto-logo-galeria.png","width":800,"height":135,"caption":"Galer\u00eda Michel Mejuto"},"image":{"@id":"https:\/\/michelmejuto.com\/#\/schema\/logo\/image\/"}}]}},"_links":{"self":[{"href":"https:\/\/michelmejuto.com\/en\/wp-json\/wp\/v2\/pages\/12409"}],"collection":[{"href":"https:\/\/michelmejuto.com\/en\/wp-json\/wp\/v2\/pages"}],"about":[{"href":"https:\/\/michelmejuto.com\/en\/wp-json\/wp\/v2\/types\/page"}],"author":[{"embeddable":true,"href":"https:\/\/michelmejuto.com\/en\/wp-json\/wp\/v2\/users\/1"}],"replies":[{"embeddable":true,"href":"https:\/\/michelmejuto.com\/en\/wp-json\/wp\/v2\/comments?post=12409"}],"version-history":[{"count":2,"href":"https:\/\/michelmejuto.com\/en\/wp-json\/wp\/v2\/pages\/12409\/revisions"}],"predecessor-version":[{"id":12995,"href":"https:\/\/michelmejuto.com\/en\/wp-json\/wp\/v2\/pages\/12409\/revisions\/12995"}],"wp:attachment":[{"href":"https:\/\/michelmejuto.com\/en\/wp-json\/wp\/v2\/media?parent=12409"}],"curies":[{"name":"wp","href":"https:\/\/api.w.org\/{rel}","templated":true}]}}