{"id":12410,"date":"2019-06-27T11:56:14","date_gmt":"2019-06-27T09:56:14","guid":{"rendered":"http:\/\/michelmejuto.es\/uso-de-cookies\/"},"modified":"2023-06-21T10:13:17","modified_gmt":"2023-06-21T08:13:17","slug":"cookies-policy","status":"publish","type":"page","link":"https:\/\/michelmejuto.com\/en\/cookies-policy\/","title":{"rendered":"Cookies Policy"},"content":{"rendered":"<p><strong>La utilizaci\u00f3n de este sitio web implica el conocimiento y la aceptaci\u00f3n a la instalaci\u00f3n de las cookies a las que se refiere esta Pol\u00edtica de Cookies<\/strong>.<\/p>\n<p><strong>1. \u00bfQu\u00e9 son las cookies?<\/strong><\/p>\n<p>Una cookie es un fichero que se descarga en su ordenador al acceder del usuario a determinadas p\u00e1ginas web. Las cookies permiten a una p\u00e1gina web, entre otras cosas, almacenar y recuperar informaci\u00f3n sobre los h\u00e1bitos de navegaci\u00f3n de un usuario o de su equipo y, dependiendo de la informaci\u00f3n que contengan y de la forma en que utilice su equipo, pueden utilizarse para reconocer al usuario. Las cookies, en funci\u00f3n de qui\u00e9n gestiona el equipo o dominio desde los que se env\u00edan, pueden dividirse en cookies propias (gestionadas por un equipo o dominio gestionado por el propio editor del sitio web) o cookies de terceros (gestionados por terceras entidades que tratan los datos obtenidos a trav\u00e9s de \u00e9stas).<\/p>\n<p><strong>2. Cookies utilizadas en este sitio web<\/strong><\/p>\n<p>Cookies t\u00e9cnicas: son aqu\u00e9llas que permiten al usuario la navegaci\u00f3n a trav\u00e9s de una p\u00e1gina web, plataforma o aplicaci\u00f3n y la utilizaci\u00f3n de las diferentes opciones o servicios que en ella existan como, por ejemplo, controlar el tr\u00e1fico y la comunicaci\u00f3n de datos, identificar la sesi\u00f3n, acceder a partes de acceso restringido, recordar los elementos que integran un pedido, realizar el proceso de compra de un pedido, realizar la solicitud de inscripci\u00f3n o participaci\u00f3n en un evento, utilizar elementos de seguridad durante la navegaci\u00f3n, almacenar contenidos para la difusi\u00f3n de videos o sonido o compartir contenidos a trav\u00e9s de redes sociales.<\/p>\n<p>Cookies de personalizaci\u00f3n: son aqu\u00e9llas que permiten al usuario acceder al servicio con algunas caracter\u00edsticas de car\u00e1cter general predefinidas en funci\u00f3n de una serie de criterios en el terminal del usuario, como por ejemplo ser\u00edan el idioma, el tipo de navegador a trav\u00e9s del cual accede al servicio, la configuraci\u00f3n regional desde donde accede al servicio, etc.<\/p>\n<p>El usuario puede en cualquier momento deshabilitar el funcionamiento de las cookies del sitio web y revocar el consentimiento prestado para su utilizaci\u00f3n mediante la configuraci\u00f3n de su navegador, pero puede que esto afecte a la capacidad de navegar por la web o a la correcta utilizaci\u00f3n de algunas de las funciones de la web.<\/p>\n<p><strong>4. Otros enlaces a webs externas<\/strong><\/p>\n<p>Los usuarios de la web tienen la opci\u00f3n de enlazar a una serie de websites externos. Cuando un usuario visita el contenido de una de esas webs, est\u00e1 saliendo del entorno web de el titular y entrando en el de esa otra web, donde pueden ser usadas distintos tipos de cookies. El titular no puede acceder a los datos almacenados en las cookies de otros sitios web y no se hace responsable por esas otras cookies una vez que el usuario ha abandonado la web del titular.<\/p>\n","protected":false},"excerpt":{"rendered":"<p>La utilizaci\u00f3n de este sitio web implica el conocimiento y la aceptaci\u00f3n a la instalaci\u00f3n de las cookies a las que se refiere esta Pol\u00edtica de Cookies. 1. \u00bfQu\u00e9 son las cookies? Una cookie es un fichero que se descarga en su ordenador al acceder&#8230;<\/p>\n","protected":false},"author":1,"featured_media":0,"parent":0,"menu_order":0,"comment_status":"closed","ping_status":"closed","template":"","meta":{"_acf_changed":false,"footnotes":""},"class_list":["post-12410","page","type-page","status-publish","hentry"],"acf":[],"yoast_head":"<!-- This site is optimized with the Yoast SEO plugin v25.6 - https:\/\/yoast.com\/wordpress\/plugins\/seo\/ -->\n<title>Cookies Policy - Galer\u00eda Michel Mejuto<\/title>\n<meta name=\"robots\" content=\"index, follow, max-snippet:-1, max-image-preview:large, max-video-preview:-1\" \/>\n<link rel=\"canonical\" href=\"https:\/\/michelmejuto.com\/en\/cookies-policy\/\" \/>\n<meta property=\"og:locale\" content=\"en_US\" \/>\n<meta property=\"og:type\" content=\"article\" \/>\n<meta property=\"og:title\" content=\"Cookies Policy - Galer\u00eda Michel Mejuto\" \/>\n<meta property=\"og:description\" content=\"La utilizaci\u00f3n de este sitio web implica el conocimiento y la aceptaci\u00f3n a la instalaci\u00f3n de las cookies a las que se refiere esta Pol\u00edtica de Cookies. 1. \u00bfQu\u00e9 son las cookies? Una cookie es un fichero que se descarga en su ordenador al acceder...\" \/>\n<meta property=\"og:url\" content=\"https:\/\/michelmejuto.com\/en\/cookies-policy\/\" \/>\n<meta property=\"og:site_name\" content=\"Galer\u00eda Michel Mejuto\" \/>\n<meta property=\"article:modified_time\" content=\"2023-06-21T08:13:17+00:00\" \/>\n<meta property=\"og:image\" content=\"https:\/\/michelmejuto.com\/web\/wp-content\/uploads\/2021\/12\/galeria.jpg\" \/>\n\t<meta property=\"og:image:width\" content=\"1920\" \/>\n\t<meta property=\"og:image:height\" content=\"1200\" \/>\n\t<meta property=\"og:image:type\" content=\"image\/jpeg\" \/>\n<meta name=\"twitter:card\" content=\"summary_large_image\" \/>\n<script type=\"application\/ld+json\" class=\"yoast-schema-graph\">{\"@context\":\"https:\/\/schema.org\",\"@graph\":[{\"@type\":\"WebPage\",\"@id\":\"https:\/\/michelmejuto.com\/en\/cookies-policy\/\",\"url\":\"https:\/\/michelmejuto.com\/en\/cookies-policy\/\",\"name\":\"Cookies Policy - Galer\u00eda Michel Mejuto\",\"isPartOf\":{\"@id\":\"https:\/\/michelmejuto.com\/#website\"},\"datePublished\":\"2019-06-27T09:56:14+00:00\",\"dateModified\":\"2023-06-21T08:13:17+00:00\",\"breadcrumb\":{\"@id\":\"https:\/\/michelmejuto.com\/en\/cookies-policy\/#breadcrumb\"},\"inLanguage\":\"en-US\",\"potentialAction\":[{\"@type\":\"ReadAction\",\"target\":[\"https:\/\/michelmejuto.com\/en\/cookies-policy\/\"]}]},{\"@type\":\"BreadcrumbList\",\"@id\":\"https:\/\/michelmejuto.com\/en\/cookies-policy\/#breadcrumb\",\"itemListElement\":[{\"@type\":\"ListItem\",\"position\":1,\"name\":\"Portada\",\"item\":\"https:\/\/michelmejuto.com\/en\/\"},{\"@type\":\"ListItem\",\"position\":2,\"name\":\"Cookies Policy\"}]},{\"@type\":\"WebSite\",\"@id\":\"https:\/\/michelmejuto.com\/#website\",\"url\":\"https:\/\/michelmejuto.com\/\",\"name\":\"Galer\u00eda Michel Mejuto\",\"description\":\"Galer\u00eda de Arte y Tasaciones\",\"publisher\":{\"@id\":\"https:\/\/michelmejuto.com\/#organization\"},\"potentialAction\":[{\"@type\":\"SearchAction\",\"target\":{\"@type\":\"EntryPoint\",\"urlTemplate\":\"https:\/\/michelmejuto.com\/?s={search_term_string}\"},\"query-input\":{\"@type\":\"PropertyValueSpecification\",\"valueRequired\":true,\"valueName\":\"search_term_string\"}}],\"inLanguage\":\"en-US\"},{\"@type\":\"Organization\",\"@id\":\"https:\/\/michelmejuto.com\/#organization\",\"name\":\"Galer\u00eda Michel Mejuto\",\"url\":\"https:\/\/michelmejuto.com\/\",\"logo\":{\"@type\":\"ImageObject\",\"inLanguage\":\"en-US\",\"@id\":\"https:\/\/michelmejuto.com\/#\/schema\/logo\/image\/\",\"url\":\"https:\/\/michelmejuto.com\/web\/wp-content\/uploads\/2021\/11\/michel-mejuto-logo-galeria.png\",\"contentUrl\":\"https:\/\/michelmejuto.com\/web\/wp-content\/uploads\/2021\/11\/michel-mejuto-logo-galeria.png\",\"width\":800,\"height\":135,\"caption\":\"Galer\u00eda Michel Mejuto\"},\"image\":{\"@id\":\"https:\/\/michelmejuto.com\/#\/schema\/logo\/image\/\"}}]}<\/script>\n<!-- \/ Yoast SEO plugin. -->","yoast_head_json":{"title":"Cookies Policy - Galer\u00eda Michel Mejuto","robots":{"index":"index","follow":"follow","max-snippet":"max-snippet:-1","max-image-preview":"max-image-preview:large","max-video-preview":"max-video-preview:-1"},"canonical":"https:\/\/michelmejuto.com\/en\/cookies-policy\/","og_locale":"en_US","og_type":"article","og_title":"Cookies Policy - Galer\u00eda Michel Mejuto","og_description":"La utilizaci\u00f3n de este sitio web implica el conocimiento y la aceptaci\u00f3n a la instalaci\u00f3n de las cookies a las que se refiere esta Pol\u00edtica de Cookies. 1. \u00bfQu\u00e9 son las cookies? Una cookie es un fichero que se descarga en su ordenador al acceder...","og_url":"https:\/\/michelmejuto.com\/en\/cookies-policy\/","og_site_name":"Galer\u00eda Michel Mejuto","article_modified_time":"2023-06-21T08:13:17+00:00","og_image":[{"width":1920,"height":1200,"url":"https:\/\/michelmejuto.com\/web\/wp-content\/uploads\/2021\/12\/galeria.jpg","type":"image\/jpeg"}],"twitter_card":"summary_large_image","schema":{"@context":"https:\/\/schema.org","@graph":[{"@type":"WebPage","@id":"https:\/\/michelmejuto.com\/en\/cookies-policy\/","url":"https:\/\/michelmejuto.com\/en\/cookies-policy\/","name":"Cookies Policy - Galer\u00eda Michel Mejuto","isPartOf":{"@id":"https:\/\/michelmejuto.com\/#website"},"datePublished":"2019-06-27T09:56:14+00:00","dateModified":"2023-06-21T08:13:17+00:00","breadcrumb":{"@id":"https:\/\/michelmejuto.com\/en\/cookies-policy\/#breadcrumb"},"inLanguage":"en-US","potentialAction":[{"@type":"ReadAction","target":["https:\/\/michelmejuto.com\/en\/cookies-policy\/"]}]},{"@type":"BreadcrumbList","@id":"https:\/\/michelmejuto.com\/en\/cookies-policy\/#breadcrumb","itemListElement":[{"@type":"ListItem","position":1,"name":"Portada","item":"https:\/\/michelmejuto.com\/en\/"},{"@type":"ListItem","position":2,"name":"Cookies Policy"}]},{"@type":"WebSite","@id":"https:\/\/michelmejuto.com\/#website","url":"https:\/\/michelmejuto.com\/","name":"Galer\u00eda Michel Mejuto","description":"Galer\u00eda de Arte y Tasaciones","publisher":{"@id":"https:\/\/michelmejuto.com\/#organization"},"potentialAction":[{"@type":"SearchAction","target":{"@type":"EntryPoint","urlTemplate":"https:\/\/michelmejuto.com\/?s={search_term_string}"},"query-input":{"@type":"PropertyValueSpecification","valueRequired":true,"valueName":"search_term_string"}}],"inLanguage":"en-US"},{"@type":"Organization","@id":"https:\/\/michelmejuto.com\/#organization","name":"Galer\u00eda Michel Mejuto","url":"https:\/\/michelmejuto.com\/","logo":{"@type":"ImageObject","inLanguage":"en-US","@id":"https:\/\/michelmejuto.com\/#\/schema\/logo\/image\/","url":"https:\/\/michelmejuto.com\/web\/wp-content\/uploads\/2021\/11\/michel-mejuto-logo-galeria.png","contentUrl":"https:\/\/michelmejuto.com\/web\/wp-content\/uploads\/2021\/11\/michel-mejuto-logo-galeria.png","width":800,"height":135,"caption":"Galer\u00eda Michel Mejuto"},"image":{"@id":"https:\/\/michelmejuto.com\/#\/schema\/logo\/image\/"}}]}},"_links":{"self":[{"href":"https:\/\/michelmejuto.com\/en\/wp-json\/wp\/v2\/pages\/12410"}],"collection":[{"href":"https:\/\/michelmejuto.com\/en\/wp-json\/wp\/v2\/pages"}],"about":[{"href":"https:\/\/michelmejuto.com\/en\/wp-json\/wp\/v2\/types\/page"}],"author":[{"embeddable":true,"href":"https:\/\/michelmejuto.com\/en\/wp-json\/wp\/v2\/users\/1"}],"replies":[{"embeddable":true,"href":"https:\/\/michelmejuto.com\/en\/wp-json\/wp\/v2\/comments?post=12410"}],"version-history":[{"count":2,"href":"https:\/\/michelmejuto.com\/en\/wp-json\/wp\/v2\/pages\/12410\/revisions"}],"predecessor-version":[{"id":12988,"href":"https:\/\/michelmejuto.com\/en\/wp-json\/wp\/v2\/pages\/12410\/revisions\/12988"}],"wp:attachment":[{"href":"https:\/\/michelmejuto.com\/en\/wp-json\/wp\/v2\/media?parent=12410"}],"curies":[{"name":"wp","href":"https:\/\/api.w.org\/{rel}","templated":true}]}}